{"id":129,"date":"2025-03-02T18:44:42","date_gmt":"2025-03-02T18:44:42","guid":{"rendered":"https:\/\/www.jimenez-accounting.com\/services\/"},"modified":"2025-04-23T01:15:27","modified_gmt":"2025-04-23T01:15:27","slug":"services","status":"publish","type":"page","link":"https:\/\/www.jimenez-accounting.com\/es\/services\/","title":{"rendered":"Servicios"},"content":{"rendered":"<div data-elementor-type=\"wp-post\" data-elementor-id=\"129\" class=\"elementor elementor-129\" data-elementor-post-type=\"page\">\n\t\t\t\t<div class=\"elementor-element elementor-element-09e4f30 e-flex e-con-boxed e-con e-parent\" data-id=\"09e4f30\" data-element_type=\"container\" data-settings=\"{&quot;background_background&quot;:&quot;classic&quot;}\">\n\t\t\t\t\t<div class=\"e-con-inner\">\n\t\t<div class=\"elementor-element elementor-element-e82164a e-con-full e-flex e-con e-child\" data-id=\"e82164a\" data-element_type=\"container\">\n\t\t\t\t<div class=\"elementor-element elementor-element-1abf55f elementor-widget elementor-widget-heading\" data-id=\"1abf55f\" data-element_type=\"widget\" data-widget_type=\"heading.default\">\n\t\t\t\t<div class=\"elementor-widget-container\">\n\t\t\t\t\t<h6 class=\"elementor-heading-title elementor-size-default\">Servicios<\/h6>\t\t\t\t<\/div>\n\t\t\t\t<\/div>\n\t\t\t\t<div class=\"elementor-element elementor-element-78cf751 elementor-widget elementor-widget-heading\" data-id=\"78cf751\" data-element_type=\"widget\" data-widget_type=\"heading.default\">\n\t\t\t\t<div class=\"elementor-widget-container\">\n\t\t\t\t\t<h1 class=\"elementor-heading-title elementor-size-default\">Qu\u00e9 hacemos<\/h1>\t\t\t\t<\/div>\n\t\t\t\t<\/div>\n\t\t\t\t<\/div>\n\t\t\t\t\t<\/div>\n\t\t\t\t<\/div>\n\t\t<div class=\"elementor-element elementor-element-58f6599 e-flex e-con-boxed e-con e-parent\" data-id=\"58f6599\" data-element_type=\"container\">\n\t\t\t\t\t<div class=\"e-con-inner\">\n\t\t\t\t<div class=\"elementor-element elementor-element-304dd78 elementor-widget elementor-widget-spacer\" data-id=\"304dd78\" data-element_type=\"widget\" data-widget_type=\"spacer.default\">\n\t\t\t\t<div class=\"elementor-widget-container\">\n\t\t\t\t\t\t\t<div class=\"elementor-spacer\">\n\t\t\t<div class=\"elementor-spacer-inner\"><\/div>\n\t\t<\/div>\n\t\t\t\t\t\t<\/div>\n\t\t\t\t<\/div>\n\t\t\t\t<div class=\"elementor-element elementor-element-c6e9fad elementor-widget elementor-widget-heading\" data-id=\"c6e9fad\" data-element_type=\"widget\" data-widget_type=\"heading.default\">\n\t\t\t\t<div class=\"elementor-widget-container\">\n\t\t\t\t\t<h2 class=\"elementor-heading-title elementor-size-default\">Servicios de contabilidad fiables para el \u00e9xito de su empresa<\/h2>\t\t\t\t<\/div>\n\t\t\t\t<\/div>\n\t\t\t\t<div class=\"elementor-element elementor-element-72e7404 elementor-widget elementor-widget-text-editor\" data-id=\"72e7404\" data-element_type=\"widget\" data-widget_type=\"text-editor.default\">\n\t\t\t\t<div class=\"elementor-widget-container\">\n\t\t\t\t\t\t\t\t\t<p>Ofrecemos soluciones financieras expertas para que su empresa funcione sin problemas. Desde la contabilidad hasta la preparaci\u00f3n de impuestos, garantizamos el cumplimiento y la eficiencia para que pueda centrarse en el crecimiento. Nuestros especialistas en fiscalidad combinan conocimientos profundos con experiencia pr\u00e1ctica para garantizar que cumple todas sus obligaciones fiscales sin pagar de m\u00e1s. \u00bfTiene problemas fiscales? Estamos aqu\u00ed para ayudarle a resolverlos y avanzar con confianza.\u00a0\u00a0<\/p>\t\t\t\t\t\t\t\t<\/div>\n\t\t\t\t<\/div>\n\t\t\t\t\t<\/div>\n\t\t\t\t<\/div>\n\t\t<div class=\"elementor-element elementor-element-7750483 e-flex e-con-boxed e-con e-parent\" data-id=\"7750483\" data-element_type=\"container\">\n\t\t\t\t\t<div class=\"e-con-inner\">\n\t\t<div class=\"elementor-element elementor-element-81d04ef e-con-full e-flex e-con e-child\" data-id=\"81d04ef\" data-element_type=\"container\">\n\t\t\t\t<div class=\"elementor-element elementor-element-2ea9ddb elementor-widget elementor-widget-heading\" data-id=\"2ea9ddb\" data-element_type=\"widget\" data-widget_type=\"heading.default\">\n\t\t\t\t<div class=\"elementor-widget-container\">\n\t\t\t\t\t<h3 class=\"elementor-heading-title elementor-size-default\">Servicios contables<\/h3>\t\t\t\t<\/div>\n\t\t\t\t<\/div>\n\t\t\t\t<div class=\"elementor-element elementor-element-75a29fb elementor-widget elementor-widget-heading\" data-id=\"75a29fb\" data-element_type=\"widget\" data-widget_type=\"heading.default\">\n\t\t\t\t<div class=\"elementor-widget-container\">\n\t\t\t\t\t<h5 class=\"elementor-heading-title elementor-size-default\">\u2714Contabilidad<\/h5>\t\t\t\t<\/div>\n\t\t\t\t<\/div>\n\t\t\t\t<div class=\"elementor-element elementor-element-f3b1155 elementor-widget elementor-widget-text-editor\" data-id=\"f3b1155\" data-element_type=\"widget\" data-widget_type=\"text-editor.default\">\n\t\t\t\t<div class=\"elementor-widget-container\">\n\t\t\t\t\t\t\t\t\t<p>Deje que nos encarguemos de su contabilidad, incluida la clasificaci\u00f3n de las transacciones diarias y el seguimiento de los gastos. Nos aseguramos de que siempre tenga una imagen financiera clara.<\/p>\t\t\t\t\t\t\t\t<\/div>\n\t\t\t\t<\/div>\n\t\t\t\t<div class=\"elementor-element elementor-element-c5f2be8 elementor-widget elementor-widget-heading\" data-id=\"c5f2be8\" data-element_type=\"widget\" data-widget_type=\"heading.default\">\n\t\t\t\t<div class=\"elementor-widget-container\">\n\t\t\t\t\t<h5 class=\"elementor-heading-title elementor-size-default\">\u2714 Servicios de n\u00f3mina<\/h5>\t\t\t\t<\/div>\n\t\t\t\t<\/div>\n\t\t\t\t<div class=\"elementor-element elementor-element-b7855b0 elementor-widget elementor-widget-text-editor\" data-id=\"b7855b0\" data-element_type=\"widget\" data-widget_type=\"text-editor.default\">\n\t\t\t\t<div class=\"elementor-widget-container\">\n\t\t\t\t\t\t\t\t\t<p>Nos encargamos de los pagos a los empleados, la declaraci\u00f3n de impuestos sobre las n\u00f3minas, la tramitaci\u00f3n de los formularios W-2 y 1099 y el cumplimiento de la normativa fiscal.<\/p>\t\t\t\t\t\t\t\t<\/div>\n\t\t\t\t<\/div>\n\t\t\t\t<div class=\"elementor-element elementor-element-27af923 elementor-widget elementor-widget-heading\" data-id=\"27af923\" data-element_type=\"widget\" data-widget_type=\"heading.default\">\n\t\t\t\t<div class=\"elementor-widget-container\">\n\t\t\t\t\t<h5 class=\"elementor-heading-title elementor-size-default\">\u2714 Informes sobre el impuesto sobre las ventas<\/h5>\t\t\t\t<\/div>\n\t\t\t\t<\/div>\n\t\t\t\t<div class=\"elementor-element elementor-element-b9afa7f elementor-widget elementor-widget-text-editor\" data-id=\"b9afa7f\" data-element_type=\"widget\" data-widget_type=\"text-editor.default\">\n\t\t\t\t<div class=\"elementor-widget-container\">\n\t\t\t\t\t\t\t\t\t<p>Garantizamos la presentaci\u00f3n puntual y precisa de los informes de impuestos sobre las ventas en funci\u00f3n de los plazos estatales, para que usted siga cumpliendo las normativas.<\/p>\t\t\t\t\t\t\t\t<\/div>\n\t\t\t\t<\/div>\n\t\t\t\t<div class=\"elementor-element elementor-element-489e75a elementor-widget elementor-widget-heading\" data-id=\"489e75a\" data-element_type=\"widget\" data-widget_type=\"heading.default\">\n\t\t\t\t<div class=\"elementor-widget-container\">\n\t\t\t\t\t<h5 class=\"elementor-heading-title elementor-size-default\">\u2714 Servicios para empresas<\/h5>\t\t\t\t<\/div>\n\t\t\t\t<\/div>\n\t\t\t\t<div class=\"elementor-element elementor-element-28d1f9b elementor-widget elementor-widget-text-editor\" data-id=\"28d1f9b\" data-element_type=\"widget\" data-widget_type=\"text-editor.default\">\n\t\t\t\t<div class=\"elementor-widget-container\">\n\t\t\t\t\t\t\t\t\t<p>Le ayudamos a elegir la estructura de entidad adecuada para su empresa y nos encargamos de la declaraci\u00f3n de impuestos estatales y federales.<\/p>\t\t\t\t\t\t\t\t<\/div>\n\t\t\t\t<\/div>\n\t\t\t\t<div class=\"elementor-element elementor-element-941e53e elementor-widget elementor-widget-heading\" data-id=\"941e53e\" data-element_type=\"widget\" data-widget_type=\"heading.default\">\n\t\t\t\t<div class=\"elementor-widget-container\">\n\t\t\t\t\t<h5 class=\"elementor-heading-title elementor-size-default\">\u2714 Preparaci\u00f3n de impuestos y consultor\u00eda<\/h5>\t\t\t\t<\/div>\n\t\t\t\t<\/div>\n\t\t\t\t<div class=\"elementor-element elementor-element-e47a84b elementor-widget elementor-widget-text-editor\" data-id=\"e47a84b\" data-element_type=\"widget\" data-widget_type=\"text-editor.default\">\n\t\t\t\t<div class=\"elementor-widget-container\">\n\t\t\t\t\t\t\t\t\t<p>Desde la declaraci\u00f3n de la renta personal a la de sociedades, ofrecemos asesoramiento experto para optimizar el ahorro fiscal y garantizar el cumplimiento de la normativa.<\/p>\t\t\t\t\t\t\t\t<\/div>\n\t\t\t\t<\/div>\n\t\t\t\t<\/div>\n\t\t<div class=\"elementor-element elementor-element-8b75471 e-con-full e-flex e-con e-child\" data-id=\"8b75471\" data-element_type=\"container\" data-settings=\"{&quot;background_background&quot;:&quot;classic&quot;}\">\n\t\t\t\t<div class=\"elementor-element elementor-element-1edefff elementor-widget elementor-widget-spacer\" data-id=\"1edefff\" data-element_type=\"widget\" data-widget_type=\"spacer.default\">\n\t\t\t\t<div class=\"elementor-widget-container\">\n\t\t\t\t\t\t\t<div class=\"elementor-spacer\">\n\t\t\t<div class=\"elementor-spacer-inner\"><\/div>\n\t\t<\/div>\n\t\t\t\t\t\t<\/div>\n\t\t\t\t<\/div>\n\t\t\t\t<div class=\"elementor-element elementor-element-494dc3a elementor-widget elementor-widget-image\" data-id=\"494dc3a\" data-element_type=\"widget\" data-widget_type=\"image.default\">\n\t\t\t\t<div class=\"elementor-widget-container\">\n\t\t\t\t\t\t\t\t\t\t\t\t\t\t\t<img fetchpriority=\"high\" decoding=\"async\" width=\"2560\" height=\"1706\" src=\"https:\/\/www.jimenez-accounting.com\/wp-content\/uploads\/2025\/04\/pexels-anntarazevich-5196820-scaled-1-1-1.jpg\" class=\"attachment-full size-full wp-image-1851\" alt=\"\" srcset=\"https:\/\/www.jimenez-accounting.com\/wp-content\/uploads\/2025\/04\/pexels-anntarazevich-5196820-scaled-1-1-1.jpg 2560w, https:\/\/www.jimenez-accounting.com\/wp-content\/uploads\/2025\/04\/pexels-anntarazevich-5196820-scaled-1-1-1-300x200.jpg 300w, https:\/\/www.jimenez-accounting.com\/wp-content\/uploads\/2025\/04\/pexels-anntarazevich-5196820-scaled-1-1-1-1024x682.jpg 1024w, https:\/\/www.jimenez-accounting.com\/wp-content\/uploads\/2025\/04\/pexels-anntarazevich-5196820-scaled-1-1-1-768x512.jpg 768w, https:\/\/www.jimenez-accounting.com\/wp-content\/uploads\/2025\/04\/pexels-anntarazevich-5196820-scaled-1-1-1-1536x1024.jpg 1536w, https:\/\/www.jimenez-accounting.com\/wp-content\/uploads\/2025\/04\/pexels-anntarazevich-5196820-scaled-1-1-1-2048x1365.jpg 2048w, https:\/\/www.jimenez-accounting.com\/wp-content\/uploads\/2025\/04\/pexels-anntarazevich-5196820-scaled-1-1-1-18x12.jpg 18w\" sizes=\"(max-width: 2560px) 100vw, 2560px\" \/>\t\t\t\t\t\t\t\t\t\t\t\t\t\t\t<\/div>\n\t\t\t\t<\/div>\n\t\t\t\t<div class=\"elementor-element elementor-element-729a3d1 elementor-widget elementor-widget-image\" data-id=\"729a3d1\" data-element_type=\"widget\" data-widget_type=\"image.default\">\n\t\t\t\t<div class=\"elementor-widget-container\">\n\t\t\t\t\t\t\t\t\t\t\t\t\t\t\t<img decoding=\"async\" width=\"2560\" height=\"1707\" src=\"https:\/\/www.jimenez-accounting.com\/wp-content\/uploads\/2025\/04\/pexels-karolina-grabowska-4386393-scaled-1-1-1.jpg\" class=\"attachment-full size-full wp-image-1852\" alt=\"\" srcset=\"https:\/\/www.jimenez-accounting.com\/wp-content\/uploads\/2025\/04\/pexels-karolina-grabowska-4386393-scaled-1-1-1.jpg 2560w, https:\/\/www.jimenez-accounting.com\/wp-content\/uploads\/2025\/04\/pexels-karolina-grabowska-4386393-scaled-1-1-1-300x200.jpg 300w, https:\/\/www.jimenez-accounting.com\/wp-content\/uploads\/2025\/04\/pexels-karolina-grabowska-4386393-scaled-1-1-1-1024x683.jpg 1024w, https:\/\/www.jimenez-accounting.com\/wp-content\/uploads\/2025\/04\/pexels-karolina-grabowska-4386393-scaled-1-1-1-768x512.jpg 768w, https:\/\/www.jimenez-accounting.com\/wp-content\/uploads\/2025\/04\/pexels-karolina-grabowska-4386393-scaled-1-1-1-1536x1024.jpg 1536w, https:\/\/www.jimenez-accounting.com\/wp-content\/uploads\/2025\/04\/pexels-karolina-grabowska-4386393-scaled-1-1-1-2048x1366.jpg 2048w, https:\/\/www.jimenez-accounting.com\/wp-content\/uploads\/2025\/04\/pexels-karolina-grabowska-4386393-scaled-1-1-1-18x12.jpg 18w\" sizes=\"(max-width: 2560px) 100vw, 2560px\" \/>\t\t\t\t\t\t\t\t\t\t\t\t\t\t\t<\/div>\n\t\t\t\t<\/div>\n\t\t\t\t<\/div>\n\t\t\t\t\t<\/div>\n\t\t\t\t<\/div>\n\t\t\t\t<\/div>","protected":false},"excerpt":{"rendered":"<p>Services What We do Reliable Accounting Services for Your Business Success We offer expert financial solutions to keep your business running smoothly. From bookkeeping to tax preparation, we ensure compliance and efficiency so you can focus on growth. Our tax specialists combine in-depth knowledge with practical expertise to ensure you meet all your tax obligations [&hellip;]<\/p>","protected":false},"author":1,"featured_media":0,"parent":0,"menu_order":0,"comment_status":"closed","ping_status":"closed","template":"","meta":{"site-sidebar-layout":"default","site-content-layout":"page-builder","ast-site-content-layout":"","site-content-style":"default","site-sidebar-style":"default","ast-global-header-display":"","ast-banner-title-visibility":"","ast-main-header-display":"","ast-hfb-above-header-display":"","ast-hfb-below-header-display":"","ast-hfb-mobile-header-display":"","site-post-title":"disabled","ast-breadcrumbs-content":"","ast-featured-img":"disabled","footer-sml-layout":"","theme-transparent-header-meta":"enabled","adv-header-id-meta":"","stick-header-meta":"","header-above-stick-meta":"","header-main-stick-meta":"","header-below-stick-meta":"","astra-migrate-meta-layouts":"default","ast-page-background-enabled":"default","ast-page-background-meta":{"desktop":{"background-color":"","background-image":"","background-repeat":"repeat","background-position":"center center","background-size":"auto","background-attachment":"scroll","background-type":"","background-media":"","overlay-type":"","overlay-color":"","overlay-opacity":"","overlay-gradient":""},"tablet":{"background-color":"","background-image":"","background-repeat":"repeat","background-position":"center center","background-size":"auto","background-attachment":"scroll","background-type":"","background-media":"","overlay-type":"","overlay-color":"","overlay-opacity":"","overlay-gradient":""},"mobile":{"background-color":"","background-image":"","background-repeat":"repeat","background-position":"center center","background-size":"auto","background-attachment":"scroll","background-type":"","background-media":"","overlay-type":"","overlay-color":"","overlay-opacity":"","overlay-gradient":""}},"ast-content-background-meta":{"desktop":{"background-color":"var(--ast-global-color-5)","background-image":"","background-repeat":"repeat","background-position":"center center","background-size":"auto","background-attachment":"scroll","background-type":"","background-media":"","overlay-type":"","overlay-color":"","overlay-opacity":"","overlay-gradient":""},"tablet":{"background-color":"var(--ast-global-color-5)","background-image":"","background-repeat":"repeat","background-position":"center center","background-size":"auto","background-attachment":"scroll","background-type":"","background-media":"","overlay-type":"","overlay-color":"","overlay-opacity":"","overlay-gradient":""},"mobile":{"background-color":"var(--ast-global-color-5)","background-image":"","background-repeat":"repeat","background-position":"center center","background-size":"auto","background-attachment":"scroll","background-type":"","background-media":"","overlay-type":"","overlay-color":"","overlay-opacity":"","overlay-gradient":""}},"_joinchat":[],"footnotes":""},"class_list":["post-129","page","type-page","status-publish","hentry"],"yoast_head":"<!-- This site is optimized with the Yoast SEO plugin v24.9 - https:\/\/yoast.com\/wordpress\/plugins\/seo\/ -->\n<title>Services - Tax and Accounting Preparation<\/title>\n<meta name=\"robots\" content=\"index, follow, max-snippet:-1, max-image-preview:large, max-video-preview:-1\" \/>\n<link rel=\"canonical\" href=\"https:\/\/www.jimenez-accounting.com\/es\/services\/\" \/>\n<meta property=\"og:locale\" content=\"es_MX\" \/>\n<meta property=\"og:type\" content=\"article\" \/>\n<meta property=\"og:title\" content=\"Services - Tax and Accounting Preparation\" \/>\n<meta property=\"og:description\" content=\"Services What We do Reliable Accounting Services for Your Business Success We offer expert financial solutions to keep your business running smoothly. From bookkeeping to tax preparation, we ensure compliance and efficiency so you can focus on growth. Our tax specialists combine in-depth knowledge with practical expertise to ensure you meet all your tax obligations [&hellip;]\" \/>\n<meta property=\"og:url\" content=\"https:\/\/www.jimenez-accounting.com\/es\/services\/\" \/>\n<meta property=\"og:site_name\" content=\"Tax and Accounting Preparation\" \/>\n<meta property=\"article:modified_time\" content=\"2025-04-23T01:15:27+00:00\" \/>\n<meta property=\"og:image\" content=\"https:\/\/www.jimenez-accounting.com\/wp-content\/uploads\/2025\/03\/pexels-anntarazevich-5196820-scaled-1-1-1.jpg\" \/>\n<meta name=\"twitter:card\" content=\"summary_large_image\" \/>\n<meta name=\"twitter:label1\" content=\"Tiempo de lectura\" \/>\n\t<meta name=\"twitter:data1\" content=\"2 minutos\" \/>\n<script type=\"application\/ld+json\" class=\"yoast-schema-graph\">{\"@context\":\"https:\/\/schema.org\",\"@graph\":[{\"@type\":\"WebPage\",\"@id\":\"https:\/\/www.jimenez-accounting.com\/es\/services\/\",\"url\":\"https:\/\/www.jimenez-accounting.com\/es\/services\/\",\"name\":\"Services - Tax and Accounting Preparation\",\"isPartOf\":{\"@id\":\"https:\/\/www.jimenez-accounting.com\/#website\"},\"primaryImageOfPage\":{\"@id\":\"https:\/\/www.jimenez-accounting.com\/es\/services\/#primaryimage\"},\"image\":{\"@id\":\"https:\/\/www.jimenez-accounting.com\/es\/services\/#primaryimage\"},\"thumbnailUrl\":\"https:\/\/www.jimenez-accounting.com\/wp-content\/uploads\/2025\/03\/pexels-anntarazevich-5196820-scaled-1-1-1.jpg\",\"datePublished\":\"2025-03-02T18:44:42+00:00\",\"dateModified\":\"2025-04-23T01:15:27+00:00\",\"breadcrumb\":{\"@id\":\"https:\/\/www.jimenez-accounting.com\/es\/services\/#breadcrumb\"},\"inLanguage\":\"es\",\"potentialAction\":[{\"@type\":\"ReadAction\",\"target\":[\"https:\/\/www.jimenez-accounting.com\/es\/services\/\"]}]},{\"@type\":\"ImageObject\",\"inLanguage\":\"es\",\"@id\":\"https:\/\/www.jimenez-accounting.com\/es\/services\/#primaryimage\",\"url\":\"https:\/\/www.jimenez-accounting.com\/wp-content\/uploads\/2025\/03\/pexels-anntarazevich-5196820-scaled-1-1-1.jpg\",\"contentUrl\":\"https:\/\/www.jimenez-accounting.com\/wp-content\/uploads\/2025\/03\/pexels-anntarazevich-5196820-scaled-1-1-1.jpg\"},{\"@type\":\"BreadcrumbList\",\"@id\":\"https:\/\/www.jimenez-accounting.com\/es\/services\/#breadcrumb\",\"itemListElement\":[{\"@type\":\"ListItem\",\"position\":1,\"name\":\"Portada\",\"item\":\"https:\/\/www.jimenez-accounting.com\/\"},{\"@type\":\"ListItem\",\"position\":2,\"name\":\"Services\"}]},{\"@type\":\"WebSite\",\"@id\":\"https:\/\/www.jimenez-accounting.com\/#website\",\"url\":\"https:\/\/www.jimenez-accounting.com\/\",\"name\":\"Tax and Accounting Preparation\",\"description\":\"\",\"publisher\":{\"@id\":\"https:\/\/www.jimenez-accounting.com\/#organization\"},\"potentialAction\":[{\"@type\":\"SearchAction\",\"target\":{\"@type\":\"EntryPoint\",\"urlTemplate\":\"https:\/\/www.jimenez-accounting.com\/?s={search_term_string}\"},\"query-input\":{\"@type\":\"PropertyValueSpecification\",\"valueRequired\":true,\"valueName\":\"search_term_string\"}}],\"inLanguage\":\"es\"},{\"@type\":\"Organization\",\"@id\":\"https:\/\/www.jimenez-accounting.com\/#organization\",\"name\":\"Tax and Accounting Preparation\",\"url\":\"https:\/\/www.jimenez-accounting.com\/\",\"logo\":{\"@type\":\"ImageObject\",\"inLanguage\":\"es\",\"@id\":\"https:\/\/www.jimenez-accounting.com\/#\/schema\/logo\/image\/\",\"url\":\"https:\/\/www.jimenez-accounting.com\/wp-content\/uploads\/2025\/02\/cropped-cropped-cropped-JIMENEZ-ACCOUNTING.png\",\"contentUrl\":\"https:\/\/www.jimenez-accounting.com\/wp-content\/uploads\/2025\/02\/cropped-cropped-cropped-JIMENEZ-ACCOUNTING.png\",\"width\":670,\"height\":308,\"caption\":\"Tax and Accounting Preparation\"},\"image\":{\"@id\":\"https:\/\/www.jimenez-accounting.com\/#\/schema\/logo\/image\/\"}}]}<\/script>\n<!-- \/ Yoast SEO plugin. -->","yoast_head_json":{"title":"Services - Tax and Accounting Preparation","robots":{"index":"index","follow":"follow","max-snippet":"max-snippet:-1","max-image-preview":"max-image-preview:large","max-video-preview":"max-video-preview:-1"},"canonical":"https:\/\/www.jimenez-accounting.com\/es\/services\/","og_locale":"es_MX","og_type":"article","og_title":"Services - Tax and Accounting Preparation","og_description":"Services What We do Reliable Accounting Services for Your Business Success We offer expert financial solutions to keep your business running smoothly. From bookkeeping to tax preparation, we ensure compliance and efficiency so you can focus on growth. Our tax specialists combine in-depth knowledge with practical expertise to ensure you meet all your tax obligations [&hellip;]","og_url":"https:\/\/www.jimenez-accounting.com\/es\/services\/","og_site_name":"Tax and Accounting Preparation","article_modified_time":"2025-04-23T01:15:27+00:00","og_image":[{"url":"https:\/\/www.jimenez-accounting.com\/wp-content\/uploads\/2025\/03\/pexels-anntarazevich-5196820-scaled-1-1-1.jpg","type":"","width":"","height":""}],"twitter_card":"summary_large_image","twitter_misc":{"Tiempo de lectura":"2 minutos"},"schema":{"@context":"https:\/\/schema.org","@graph":[{"@type":"WebPage","@id":"https:\/\/www.jimenez-accounting.com\/es\/services\/","url":"https:\/\/www.jimenez-accounting.com\/es\/services\/","name":"Services - Tax and Accounting Preparation","isPartOf":{"@id":"https:\/\/www.jimenez-accounting.com\/#website"},"primaryImageOfPage":{"@id":"https:\/\/www.jimenez-accounting.com\/es\/services\/#primaryimage"},"image":{"@id":"https:\/\/www.jimenez-accounting.com\/es\/services\/#primaryimage"},"thumbnailUrl":"https:\/\/www.jimenez-accounting.com\/wp-content\/uploads\/2025\/03\/pexels-anntarazevich-5196820-scaled-1-1-1.jpg","datePublished":"2025-03-02T18:44:42+00:00","dateModified":"2025-04-23T01:15:27+00:00","breadcrumb":{"@id":"https:\/\/www.jimenez-accounting.com\/es\/services\/#breadcrumb"},"inLanguage":"es","potentialAction":[{"@type":"ReadAction","target":["https:\/\/www.jimenez-accounting.com\/es\/services\/"]}]},{"@type":"ImageObject","inLanguage":"es","@id":"https:\/\/www.jimenez-accounting.com\/es\/services\/#primaryimage","url":"https:\/\/www.jimenez-accounting.com\/wp-content\/uploads\/2025\/03\/pexels-anntarazevich-5196820-scaled-1-1-1.jpg","contentUrl":"https:\/\/www.jimenez-accounting.com\/wp-content\/uploads\/2025\/03\/pexels-anntarazevich-5196820-scaled-1-1-1.jpg"},{"@type":"BreadcrumbList","@id":"https:\/\/www.jimenez-accounting.com\/es\/services\/#breadcrumb","itemListElement":[{"@type":"ListItem","position":1,"name":"Portada","item":"https:\/\/www.jimenez-accounting.com\/"},{"@type":"ListItem","position":2,"name":"Services"}]},{"@type":"WebSite","@id":"https:\/\/www.jimenez-accounting.com\/#website","url":"https:\/\/www.jimenez-accounting.com\/","name":"Tax and Accounting Preparation","description":"","publisher":{"@id":"https:\/\/www.jimenez-accounting.com\/#organization"},"potentialAction":[{"@type":"SearchAction","target":{"@type":"EntryPoint","urlTemplate":"https:\/\/www.jimenez-accounting.com\/?s={search_term_string}"},"query-input":{"@type":"PropertyValueSpecification","valueRequired":true,"valueName":"search_term_string"}}],"inLanguage":"es"},{"@type":"Organization","@id":"https:\/\/www.jimenez-accounting.com\/#organization","name":"Tax and Accounting Preparation","url":"https:\/\/www.jimenez-accounting.com\/","logo":{"@type":"ImageObject","inLanguage":"es","@id":"https:\/\/www.jimenez-accounting.com\/#\/schema\/logo\/image\/","url":"https:\/\/www.jimenez-accounting.com\/wp-content\/uploads\/2025\/02\/cropped-cropped-cropped-JIMENEZ-ACCOUNTING.png","contentUrl":"https:\/\/www.jimenez-accounting.com\/wp-content\/uploads\/2025\/02\/cropped-cropped-cropped-JIMENEZ-ACCOUNTING.png","width":670,"height":308,"caption":"Tax and Accounting Preparation"},"image":{"@id":"https:\/\/www.jimenez-accounting.com\/#\/schema\/logo\/image\/"}}]}},"_links":{"self":[{"href":"https:\/\/www.jimenez-accounting.com\/es\/wp-json\/wp\/v2\/pages\/129","targetHints":{"allow":["GET"]}}],"collection":[{"href":"https:\/\/www.jimenez-accounting.com\/es\/wp-json\/wp\/v2\/pages"}],"about":[{"href":"https:\/\/www.jimenez-accounting.com\/es\/wp-json\/wp\/v2\/types\/page"}],"author":[{"embeddable":true,"href":"https:\/\/www.jimenez-accounting.com\/es\/wp-json\/wp\/v2\/users\/1"}],"replies":[{"embeddable":true,"href":"https:\/\/www.jimenez-accounting.com\/es\/wp-json\/wp\/v2\/comments?post=129"}],"version-history":[{"count":39,"href":"https:\/\/www.jimenez-accounting.com\/es\/wp-json\/wp\/v2\/pages\/129\/revisions"}],"predecessor-version":[{"id":1838,"href":"https:\/\/www.jimenez-accounting.com\/es\/wp-json\/wp\/v2\/pages\/129\/revisions\/1838"}],"wp:attachment":[{"href":"https:\/\/www.jimenez-accounting.com\/es\/wp-json\/wp\/v2\/media?parent=129"}],"curies":[{"name":"wp","href":"https:\/\/api.w.org\/{rel}","templated":true}]}}