{"id":128,"date":"2025-03-02T18:44:42","date_gmt":"2025-03-02T18:44:42","guid":{"rendered":"https:\/\/www.jimenez-accounting.com\/about\/"},"modified":"2025-04-23T01:03:24","modified_gmt":"2025-04-23T01:03:24","slug":"about","status":"publish","type":"page","link":"https:\/\/www.jimenez-accounting.com\/es\/about\/","title":{"rendered":"Nosotros"},"content":{"rendered":"<div data-elementor-type=\"wp-post\" data-elementor-id=\"128\" class=\"elementor elementor-128\" data-elementor-post-type=\"page\">\n\t\t\t\t<div class=\"elementor-element elementor-element-1337320 e-flex e-con-boxed e-con e-parent\" data-id=\"1337320\" data-element_type=\"container\" data-settings=\"{&quot;background_background&quot;:&quot;classic&quot;}\">\n\t\t\t\t\t<div class=\"e-con-inner\">\n\t\t<div class=\"elementor-element elementor-element-8c47842 e-con-full e-flex e-con e-child\" data-id=\"8c47842\" data-element_type=\"container\">\n\t\t\t\t<div class=\"elementor-element elementor-element-6020073 elementor-widget elementor-widget-heading\" data-id=\"6020073\" data-element_type=\"widget\" data-widget_type=\"heading.default\">\n\t\t\t\t<div class=\"elementor-widget-container\">\n\t\t\t\t\t<h1 class=\"elementor-heading-title elementor-size-default\">Acerca de nosotros<\/h1>\t\t\t\t<\/div>\n\t\t\t\t<\/div>\n\t\t\t\t<\/div>\n\t\t\t\t\t<\/div>\n\t\t\t\t<\/div>\n\t\t<div class=\"elementor-element elementor-element-1124957 e-flex e-con-boxed e-con e-parent\" data-id=\"1124957\" data-element_type=\"container\">\n\t\t\t\t\t<div class=\"e-con-inner\">\n\t\t\t\t<div class=\"elementor-element elementor-element-432866b elementor-widget elementor-widget-spacer\" data-id=\"432866b\" data-element_type=\"widget\" data-widget_type=\"spacer.default\">\n\t\t\t\t<div class=\"elementor-widget-container\">\n\t\t\t\t\t\t\t<div class=\"elementor-spacer\">\n\t\t\t<div class=\"elementor-spacer-inner\"><\/div>\n\t\t<\/div>\n\t\t\t\t\t\t<\/div>\n\t\t\t\t<\/div>\n\t\t\t\t<div class=\"elementor-element elementor-element-ccd6dc2 elementor-widget elementor-widget-heading\" data-id=\"ccd6dc2\" data-element_type=\"widget\" data-widget_type=\"heading.default\">\n\t\t\t\t<div class=\"elementor-widget-container\">\n\t\t\t\t\t<h3 class=\"elementor-heading-title elementor-size-default\">Consejos financieros pr\u00e1cticos en los que puede confiar<\/h3>\t\t\t\t<\/div>\n\t\t\t\t<\/div>\n\t\t\t\t<div class=\"elementor-element elementor-element-c96c18c elementor-widget elementor-widget-text-editor\" data-id=\"c96c18c\" data-element_type=\"widget\" data-widget_type=\"text-editor.default\">\n\t\t\t\t<div class=\"elementor-widget-container\">\n\t\t\t\t\t\t\t\t\t<p>En Jim\u00e9nez Contabilidad, estamos comprometidos a proporcionar servicios de contabilidad de primer nivel que ayudan a las empresas y los individuos prosperan. Establecido hace m\u00e1s de cincuenta a\u00f1os, nuestro equipo de profesionales experimentados asegura que sus asuntos financieros est\u00e1n en manos expertas.<\/p>\t\t\t\t\t\t\t\t<\/div>\n\t\t\t\t<\/div>\n\t\t\t\t<div class=\"elementor-element elementor-element-068e80d elementor-widget elementor-widget-image\" data-id=\"068e80d\" data-element_type=\"widget\" data-widget_type=\"image.default\">\n\t\t\t\t<div class=\"elementor-widget-container\">\n\t\t\t\t\t\t\t\t\t\t\t\t\t\t\t<img fetchpriority=\"high\" decoding=\"async\" width=\"640\" height=\"426\" src=\"https:\/\/www.jimenez-accounting.com\/wp-content\/uploads\/2025\/04\/crop-payroll-clerk-counting-money-while-sitting-at-table-1-1.jpg\" class=\"attachment-full size-full wp-image-1849\" alt=\"\" srcset=\"https:\/\/www.jimenez-accounting.com\/wp-content\/uploads\/2025\/04\/crop-payroll-clerk-counting-money-while-sitting-at-table-1-1.jpg 640w, https:\/\/www.jimenez-accounting.com\/wp-content\/uploads\/2025\/04\/crop-payroll-clerk-counting-money-while-sitting-at-table-1-1-300x200.jpg 300w, https:\/\/www.jimenez-accounting.com\/wp-content\/uploads\/2025\/04\/crop-payroll-clerk-counting-money-while-sitting-at-table-1-1-18x12.jpg 18w\" sizes=\"(max-width: 640px) 100vw, 640px\" \/>\t\t\t\t\t\t\t\t\t\t\t\t\t\t\t<\/div>\n\t\t\t\t<\/div>\n\t\t\t\t<div class=\"elementor-element elementor-element-7f6f4b9 elementor-widget elementor-widget-spacer\" data-id=\"7f6f4b9\" data-element_type=\"widget\" data-widget_type=\"spacer.default\">\n\t\t\t\t<div class=\"elementor-widget-container\">\n\t\t\t\t\t\t\t<div class=\"elementor-spacer\">\n\t\t\t<div class=\"elementor-spacer-inner\"><\/div>\n\t\t<\/div>\n\t\t\t\t\t\t<\/div>\n\t\t\t\t<\/div>\n\t\t\t\t<div class=\"elementor-element elementor-element-7230681 elementor-widget elementor-widget-heading\" data-id=\"7230681\" data-element_type=\"widget\" data-widget_type=\"heading.default\">\n\t\t\t\t<div class=\"elementor-widget-container\">\n\t\t\t\t\t<h3 class=\"elementor-heading-title elementor-size-default\">Nuestra misi\u00f3n: <\/h3>\t\t\t\t<\/div>\n\t\t\t\t<\/div>\n\t\t\t\t<div class=\"elementor-element elementor-element-61ed2fb elementor-widget elementor-widget-heading\" data-id=\"61ed2fb\" data-element_type=\"widget\" data-widget_type=\"heading.default\">\n\t\t\t\t<div class=\"elementor-widget-container\">\n\t\t\t\t\t<h5 class=\"elementor-heading-title elementor-size-default\">Simplificar la contabilidad y el cumplimiento de las obligaciones fiscales, permiti\u00e9ndole centrarse en el crecimiento de su negocio.<\/h5>\t\t\t\t<\/div>\n\t\t\t\t<\/div>\n\t\t\t\t\t<\/div>\n\t\t\t\t<\/div>\n\t\t<div class=\"elementor-element elementor-element-d6aa3d8 e-flex e-con-boxed e-con e-parent\" data-id=\"d6aa3d8\" data-element_type=\"container\">\n\t\t\t\t\t<div class=\"e-con-inner\">\n\t\t\t\t<div class=\"elementor-element elementor-element-be9cc66 elementor-widget elementor-widget-spacer\" data-id=\"be9cc66\" data-element_type=\"widget\" data-widget_type=\"spacer.default\">\n\t\t\t\t<div class=\"elementor-widget-container\">\n\t\t\t\t\t\t\t<div class=\"elementor-spacer\">\n\t\t\t<div class=\"elementor-spacer-inner\"><\/div>\n\t\t<\/div>\n\t\t\t\t\t\t<\/div>\n\t\t\t\t<\/div>\n\t\t\t\t<div class=\"elementor-element elementor-element-0f469a3 elementor-widget elementor-widget-heading\" data-id=\"0f469a3\" data-element_type=\"widget\" data-widget_type=\"heading.default\">\n\t\t\t\t<div class=\"elementor-widget-container\">\n\t\t\t\t\t<h3 class=\"elementor-heading-title elementor-size-default\">Mantener registros precisos es un componente clave para el \u00e9xito de su empresa\n<\/h3>\t\t\t\t<\/div>\n\t\t\t\t<\/div>\n\t\t<div class=\"elementor-element elementor-element-5e0ac77 e-con-full e-flex e-con e-child\" data-id=\"5e0ac77\" data-element_type=\"container\">\n\t\t\t\t<div class=\"elementor-element elementor-element-9f0960a elementor-widget elementor-widget-heading\" data-id=\"9f0960a\" data-element_type=\"widget\" data-widget_type=\"heading.default\">\n\t\t\t\t<div class=\"elementor-widget-container\">\n\t\t\t\t\t<h3 class=\"elementor-heading-title elementor-size-default\">\u00bfPor qu\u00e9 elegirnos?<\/h3>\t\t\t\t<\/div>\n\t\t\t\t<\/div>\n\t\t\t\t<div class=\"elementor-element elementor-element-cd1f0b3 elementor-widget elementor-widget-text-editor\" data-id=\"cd1f0b3\" data-element_type=\"widget\" data-widget_type=\"text-editor.default\">\n\t\t\t\t<div class=\"elementor-widget-container\">\n\t\t\t\t\t\t\t\t\t<p>\u00a0<\/p><p><strong>\u2705 Experiencia en la que puede confiar\u00a0\u00a0<\/strong> - A\u00f1os de experiencia en servicios contables y fiscales.<\/p><p><strong>\u2705 Soluciones a medida <\/strong>\u00a0- Estrategias personalizadas para particulares y empresas.<\/p><p><strong>\u2705 Informes precisos y puntuales <\/strong>\u00a0- Garantizar el cumplimiento de la normativa fiscal.<\/p><p><strong>\u2705 Enfoque centrado en el cliente <\/strong>\u00a0- Damos prioridad a su \u00e9xito financiero.<\/p>\t\t\t\t\t\t\t\t<\/div>\n\t\t\t\t<\/div>\n\t\t\t\t<div class=\"elementor-element elementor-element-07879b0 elementor-widget elementor-widget-spacer\" data-id=\"07879b0\" data-element_type=\"widget\" data-widget_type=\"spacer.default\">\n\t\t\t\t<div class=\"elementor-widget-container\">\n\t\t\t\t\t\t\t<div class=\"elementor-spacer\">\n\t\t\t<div class=\"elementor-spacer-inner\"><\/div>\n\t\t<\/div>\n\t\t\t\t\t\t<\/div>\n\t\t\t\t<\/div>\n\t\t\t\t<\/div>\n\t\t\t\t\t<\/div>\n\t\t\t\t<\/div>\n\t\t\t\t<\/div>","protected":false},"excerpt":{"rendered":"<p>About us Practical Financial Advice You Can Count on At Jimenez Accounting, we are committed to providing top-tier accounting services that help businesses and individuals thrive. Established over fifty years ago, our team of experienced professionals ensures that your financial matters are in expert hands. Our Mission: To simplify accounting and tax compliance allowing you [&hellip;]<\/p>","protected":false},"author":1,"featured_media":0,"parent":0,"menu_order":0,"comment_status":"closed","ping_status":"closed","template":"","meta":{"site-sidebar-layout":"default","site-content-layout":"page-builder","ast-site-content-layout":"","site-content-style":"default","site-sidebar-style":"default","ast-global-header-display":"","ast-banner-title-visibility":"","ast-main-header-display":"","ast-hfb-above-header-display":"","ast-hfb-below-header-display":"","ast-hfb-mobile-header-display":"","site-post-title":"disabled","ast-breadcrumbs-content":"","ast-featured-img":"disabled","footer-sml-layout":"","theme-transparent-header-meta":"enabled","adv-header-id-meta":"","stick-header-meta":"","header-above-stick-meta":"","header-main-stick-meta":"","header-below-stick-meta":"","astra-migrate-meta-layouts":"default","ast-page-background-enabled":"default","ast-page-background-meta":{"desktop":{"background-color":"","background-image":"","background-repeat":"repeat","background-position":"center center","background-size":"auto","background-attachment":"scroll","background-type":"","background-media":"","overlay-type":"","overlay-color":"","overlay-opacity":"","overlay-gradient":""},"tablet":{"background-color":"","background-image":"","background-repeat":"repeat","background-position":"center center","background-size":"auto","background-attachment":"scroll","background-type":"","background-media":"","overlay-type":"","overlay-color":"","overlay-opacity":"","overlay-gradient":""},"mobile":{"background-color":"","background-image":"","background-repeat":"repeat","background-position":"center center","background-size":"auto","background-attachment":"scroll","background-type":"","background-media":"","overlay-type":"","overlay-color":"","overlay-opacity":"","overlay-gradient":""}},"ast-content-background-meta":{"desktop":{"background-color":"var(--ast-global-color-5)","background-image":"","background-repeat":"repeat","background-position":"center center","background-size":"auto","background-attachment":"scroll","background-type":"","background-media":"","overlay-type":"","overlay-color":"","overlay-opacity":"","overlay-gradient":""},"tablet":{"background-color":"var(--ast-global-color-5)","background-image":"","background-repeat":"repeat","background-position":"center center","background-size":"auto","background-attachment":"scroll","background-type":"","background-media":"","overlay-type":"","overlay-color":"","overlay-opacity":"","overlay-gradient":""},"mobile":{"background-color":"var(--ast-global-color-5)","background-image":"","background-repeat":"repeat","background-position":"center center","background-size":"auto","background-attachment":"scroll","background-type":"","background-media":"","overlay-type":"","overlay-color":"","overlay-opacity":"","overlay-gradient":""}},"_joinchat":[],"footnotes":""},"class_list":["post-128","page","type-page","status-publish","hentry"],"yoast_head":"<!-- This site is optimized with the Yoast SEO plugin v24.9 - https:\/\/yoast.com\/wordpress\/plugins\/seo\/ -->\n<title>About - Tax and Accounting Preparation<\/title>\n<meta name=\"robots\" content=\"index, follow, max-snippet:-1, max-image-preview:large, max-video-preview:-1\" \/>\n<link rel=\"canonical\" href=\"https:\/\/www.jimenez-accounting.com\/es\/about\/\" \/>\n<meta property=\"og:locale\" content=\"es_MX\" \/>\n<meta property=\"og:type\" content=\"article\" \/>\n<meta property=\"og:title\" content=\"About - Tax and Accounting Preparation\" \/>\n<meta property=\"og:description\" content=\"About us Practical Financial Advice You Can Count on At Jimenez Accounting, we are committed to providing top-tier accounting services that help businesses and individuals thrive. Established over fifty years ago, our team of experienced professionals ensures that your financial matters are in expert hands. Our Mission: To simplify accounting and tax compliance allowing you [&hellip;]\" \/>\n<meta property=\"og:url\" content=\"https:\/\/www.jimenez-accounting.com\/es\/about\/\" \/>\n<meta property=\"og:site_name\" content=\"Tax and Accounting Preparation\" \/>\n<meta property=\"article:modified_time\" content=\"2025-04-23T01:03:24+00:00\" \/>\n<meta property=\"og:image\" content=\"https:\/\/www.jimenez-accounting.com\/wp-content\/uploads\/2025\/03\/crop-payroll-clerk-counting-money-while-sitting-at-table-1-1.jpg\" \/>\n<meta name=\"twitter:card\" content=\"summary_large_image\" \/>\n<meta name=\"twitter:label1\" content=\"Tiempo de lectura\" \/>\n\t<meta name=\"twitter:data1\" content=\"4 minutos\" \/>\n<script type=\"application\/ld+json\" class=\"yoast-schema-graph\">{\"@context\":\"https:\/\/schema.org\",\"@graph\":[{\"@type\":\"WebPage\",\"@id\":\"https:\/\/www.jimenez-accounting.com\/about\/\",\"url\":\"https:\/\/www.jimenez-accounting.com\/about\/\",\"name\":\"About - Tax and Accounting Preparation\",\"isPartOf\":{\"@id\":\"https:\/\/www.jimenez-accounting.com\/#website\"},\"primaryImageOfPage\":{\"@id\":\"https:\/\/www.jimenez-accounting.com\/about\/#primaryimage\"},\"image\":{\"@id\":\"https:\/\/www.jimenez-accounting.com\/about\/#primaryimage\"},\"thumbnailUrl\":\"https:\/\/www.jimenez-accounting.com\/wp-content\/uploads\/2025\/03\/crop-payroll-clerk-counting-money-while-sitting-at-table-1-1.jpg\",\"datePublished\":\"2025-03-02T18:44:42+00:00\",\"dateModified\":\"2025-04-23T01:03:24+00:00\",\"breadcrumb\":{\"@id\":\"https:\/\/www.jimenez-accounting.com\/about\/#breadcrumb\"},\"inLanguage\":\"es\",\"potentialAction\":[{\"@type\":\"ReadAction\",\"target\":[\"https:\/\/www.jimenez-accounting.com\/about\/\"]}]},{\"@type\":\"ImageObject\",\"inLanguage\":\"es\",\"@id\":\"https:\/\/www.jimenez-accounting.com\/about\/#primaryimage\",\"url\":\"https:\/\/www.jimenez-accounting.com\/wp-content\/uploads\/2025\/03\/crop-payroll-clerk-counting-money-while-sitting-at-table-1-1.jpg\",\"contentUrl\":\"https:\/\/www.jimenez-accounting.com\/wp-content\/uploads\/2025\/03\/crop-payroll-clerk-counting-money-while-sitting-at-table-1-1.jpg\"},{\"@type\":\"BreadcrumbList\",\"@id\":\"https:\/\/www.jimenez-accounting.com\/about\/#breadcrumb\",\"itemListElement\":[{\"@type\":\"ListItem\",\"position\":1,\"name\":\"Portada\",\"item\":\"https:\/\/www.jimenez-accounting.com\/\"},{\"@type\":\"ListItem\",\"position\":2,\"name\":\"About\"}]},{\"@type\":\"WebSite\",\"@id\":\"https:\/\/www.jimenez-accounting.com\/#website\",\"url\":\"https:\/\/www.jimenez-accounting.com\/\",\"name\":\"Tax and Accounting Preparation\",\"description\":\"\",\"publisher\":{\"@id\":\"https:\/\/www.jimenez-accounting.com\/#organization\"},\"potentialAction\":[{\"@type\":\"SearchAction\",\"target\":{\"@type\":\"EntryPoint\",\"urlTemplate\":\"https:\/\/www.jimenez-accounting.com\/?s={search_term_string}\"},\"query-input\":{\"@type\":\"PropertyValueSpecification\",\"valueRequired\":true,\"valueName\":\"search_term_string\"}}],\"inLanguage\":\"es\"},{\"@type\":\"Organization\",\"@id\":\"https:\/\/www.jimenez-accounting.com\/#organization\",\"name\":\"Tax and Accounting Preparation\",\"url\":\"https:\/\/www.jimenez-accounting.com\/\",\"logo\":{\"@type\":\"ImageObject\",\"inLanguage\":\"es\",\"@id\":\"https:\/\/www.jimenez-accounting.com\/#\/schema\/logo\/image\/\",\"url\":\"https:\/\/www.jimenez-accounting.com\/wp-content\/uploads\/2025\/02\/cropped-cropped-cropped-JIMENEZ-ACCOUNTING.png\",\"contentUrl\":\"https:\/\/www.jimenez-accounting.com\/wp-content\/uploads\/2025\/02\/cropped-cropped-cropped-JIMENEZ-ACCOUNTING.png\",\"width\":670,\"height\":308,\"caption\":\"Tax and Accounting Preparation\"},\"image\":{\"@id\":\"https:\/\/www.jimenez-accounting.com\/#\/schema\/logo\/image\/\"}}]}<\/script>\n<!-- \/ Yoast SEO plugin. -->","yoast_head_json":{"title":"About - Tax and Accounting Preparation","robots":{"index":"index","follow":"follow","max-snippet":"max-snippet:-1","max-image-preview":"max-image-preview:large","max-video-preview":"max-video-preview:-1"},"canonical":"https:\/\/www.jimenez-accounting.com\/es\/about\/","og_locale":"es_MX","og_type":"article","og_title":"About - Tax and Accounting Preparation","og_description":"About us Practical Financial Advice You Can Count on At Jimenez Accounting, we are committed to providing top-tier accounting services that help businesses and individuals thrive. Established over fifty years ago, our team of experienced professionals ensures that your financial matters are in expert hands. Our Mission: To simplify accounting and tax compliance allowing you [&hellip;]","og_url":"https:\/\/www.jimenez-accounting.com\/es\/about\/","og_site_name":"Tax and Accounting Preparation","article_modified_time":"2025-04-23T01:03:24+00:00","og_image":[{"url":"https:\/\/www.jimenez-accounting.com\/wp-content\/uploads\/2025\/03\/crop-payroll-clerk-counting-money-while-sitting-at-table-1-1.jpg","type":"","width":"","height":""}],"twitter_card":"summary_large_image","twitter_misc":{"Tiempo de lectura":"4 minutos"},"schema":{"@context":"https:\/\/schema.org","@graph":[{"@type":"WebPage","@id":"https:\/\/www.jimenez-accounting.com\/about\/","url":"https:\/\/www.jimenez-accounting.com\/about\/","name":"About - Tax and Accounting Preparation","isPartOf":{"@id":"https:\/\/www.jimenez-accounting.com\/#website"},"primaryImageOfPage":{"@id":"https:\/\/www.jimenez-accounting.com\/about\/#primaryimage"},"image":{"@id":"https:\/\/www.jimenez-accounting.com\/about\/#primaryimage"},"thumbnailUrl":"https:\/\/www.jimenez-accounting.com\/wp-content\/uploads\/2025\/03\/crop-payroll-clerk-counting-money-while-sitting-at-table-1-1.jpg","datePublished":"2025-03-02T18:44:42+00:00","dateModified":"2025-04-23T01:03:24+00:00","breadcrumb":{"@id":"https:\/\/www.jimenez-accounting.com\/about\/#breadcrumb"},"inLanguage":"es","potentialAction":[{"@type":"ReadAction","target":["https:\/\/www.jimenez-accounting.com\/about\/"]}]},{"@type":"ImageObject","inLanguage":"es","@id":"https:\/\/www.jimenez-accounting.com\/about\/#primaryimage","url":"https:\/\/www.jimenez-accounting.com\/wp-content\/uploads\/2025\/03\/crop-payroll-clerk-counting-money-while-sitting-at-table-1-1.jpg","contentUrl":"https:\/\/www.jimenez-accounting.com\/wp-content\/uploads\/2025\/03\/crop-payroll-clerk-counting-money-while-sitting-at-table-1-1.jpg"},{"@type":"BreadcrumbList","@id":"https:\/\/www.jimenez-accounting.com\/about\/#breadcrumb","itemListElement":[{"@type":"ListItem","position":1,"name":"Portada","item":"https:\/\/www.jimenez-accounting.com\/"},{"@type":"ListItem","position":2,"name":"About"}]},{"@type":"WebSite","@id":"https:\/\/www.jimenez-accounting.com\/#website","url":"https:\/\/www.jimenez-accounting.com\/","name":"Tax and Accounting Preparation","description":"","publisher":{"@id":"https:\/\/www.jimenez-accounting.com\/#organization"},"potentialAction":[{"@type":"SearchAction","target":{"@type":"EntryPoint","urlTemplate":"https:\/\/www.jimenez-accounting.com\/?s={search_term_string}"},"query-input":{"@type":"PropertyValueSpecification","valueRequired":true,"valueName":"search_term_string"}}],"inLanguage":"es"},{"@type":"Organization","@id":"https:\/\/www.jimenez-accounting.com\/#organization","name":"Tax and Accounting Preparation","url":"https:\/\/www.jimenez-accounting.com\/","logo":{"@type":"ImageObject","inLanguage":"es","@id":"https:\/\/www.jimenez-accounting.com\/#\/schema\/logo\/image\/","url":"https:\/\/www.jimenez-accounting.com\/wp-content\/uploads\/2025\/02\/cropped-cropped-cropped-JIMENEZ-ACCOUNTING.png","contentUrl":"https:\/\/www.jimenez-accounting.com\/wp-content\/uploads\/2025\/02\/cropped-cropped-cropped-JIMENEZ-ACCOUNTING.png","width":670,"height":308,"caption":"Tax and Accounting Preparation"},"image":{"@id":"https:\/\/www.jimenez-accounting.com\/#\/schema\/logo\/image\/"}}]}},"_links":{"self":[{"href":"https:\/\/www.jimenez-accounting.com\/es\/wp-json\/wp\/v2\/pages\/128","targetHints":{"allow":["GET"]}}],"collection":[{"href":"https:\/\/www.jimenez-accounting.com\/es\/wp-json\/wp\/v2\/pages"}],"about":[{"href":"https:\/\/www.jimenez-accounting.com\/es\/wp-json\/wp\/v2\/types\/page"}],"author":[{"embeddable":true,"href":"https:\/\/www.jimenez-accounting.com\/es\/wp-json\/wp\/v2\/users\/1"}],"replies":[{"embeddable":true,"href":"https:\/\/www.jimenez-accounting.com\/es\/wp-json\/wp\/v2\/comments?post=128"}],"version-history":[{"count":42,"href":"https:\/\/www.jimenez-accounting.com\/es\/wp-json\/wp\/v2\/pages\/128\/revisions"}],"predecessor-version":[{"id":1822,"href":"https:\/\/www.jimenez-accounting.com\/es\/wp-json\/wp\/v2\/pages\/128\/revisions\/1822"}],"wp:attachment":[{"href":"https:\/\/www.jimenez-accounting.com\/es\/wp-json\/wp\/v2\/media?parent=128"}],"curies":[{"name":"wp","href":"https:\/\/api.w.org\/{rel}","templated":true}]}}